{"id":4202,"date":"2024-04-06T17:34:01","date_gmt":"2024-04-06T15:34:01","guid":{"rendered":"https:\/\/the-running-ginger.blog\/?page_id=4202"},"modified":"2025-06-29T11:06:10","modified_gmt":"2025-06-29T09:06:10","slug":"sixstarmedal","status":"publish","type":"page","link":"https:\/\/the-running-ginger.blog\/es\/sixstarmedal\/","title":{"rendered":"Medalla de seis estrellas de los World Marathon Majors"},"content":{"rendered":"<p>Obtuvimos nuestra Medalla Seis Estrellas del World Marathon Majors en <a href=\"https:\/\/the-running-ginger.blog\/es\/boston\/\">Boston<\/a>, el 15 de abril de 2024. Fue all\u00ed donde completamos el Marat\u00f3n de Boston y nos convertimos en <strong>\u201cSeis Finalistas Estrella\u201d<\/strong>!<\/p>\n\n\n\n<p>Lee a continuaci\u00f3n lo que tuvimos que hacer antes de la carrera y al finalizar para conseguir la codiciada Medalla Seis Estrellas. Que, por cierto\u2026 \u00a1pesa bastante!<\/p>\n\n\n\n<p>Y <a href=\"#Sydney\">aqu\u00ed<\/a>Es la actualizaci\u00f3n de 2025 con una nueva especialidad: \u00a1S\u00eddney!, pero, a partir de 2025, no habr\u00e1 una nueva medalla\u2026<\/p>\n\n\n\n<p>La elevaci\u00f3n de Sydney a la categor\u00eda Mayor marca una expansi\u00f3n significativa en la l\u00ednea de Abbott WMM. <\/p>\n\n\n\n<p>Los corredores a\u00fan pueden ganar la Medalla de Seis Estrellas, mientras que la versi\u00f3n de Nueve Estrellas debutar\u00e1 una vez que se hayan unido todas las razas candidatas, muy probablemente en <strong>2027 o poco despu\u00e9s<\/strong><\/p>\n\n\n\n<h2 class=\"wp-block-heading\">Reg\u00edstrate para recibir tu Medalla Seis Estrellas \ud83c\udfc5<\/h2>\n\n\n\n<ul class=\"wp-block-list\">\n<li>Tienes que crearte un perfil en el <a href=\"https:\/\/www.worldmarathonmajors.com\/\">p\u00e1gina web oficial<\/a>.<\/li>\n<\/ul>\n\n\n\n<ul class=\"wp-block-list\">\n<li>Una vez creado el perfil, deber\u00e1s buscar y registrar los resultados de las <strong>5 Marathon Majors completadas. <\/strong><\/li>\n<\/ul>\n\n\n\n<p>Si no encuentras alguno de los resultados, envia un correo electr\u00f3nico a <strong><em>results@wmmajors.com<\/em><\/strong> con el enlace con el resultado correspondiente. <\/p>\n\n\n\n<ul class=\"wp-block-list\">\n<li>Cuando se carguen los 5 resultados en el perfil, ser\u00e1 necesario contactar con la Organizaci\u00f3n mediante correo electr\u00f3nico a <strong><em>stars@wmmajors.com<\/em><\/strong> para informarles que en el pr\u00f3ximo Marat\u00f3n deseas recibir tu medalla \u201cSix Stars Finisher\u201d. <\/li>\n<\/ul>\n\n\n<div class=\"wp-block-image\">\n<figure class=\"aligncenter size-large is-resized\"><img loading=\"lazy\" decoding=\"async\" width=\"1024\" height=\"586\" src=\"https:\/\/the-running-ginger.blog\/wp-content\/uploads\/2024\/04\/SixStarsWeb-1024x586.jpeg\" alt=\"\" class=\"wp-image-4189\" style=\"width:610px;height:auto\" srcset=\"https:\/\/the-running-ginger.blog\/wp-content\/uploads\/2024\/04\/SixStarsWeb-1024x586.jpeg 1024w, https:\/\/the-running-ginger.blog\/wp-content\/uploads\/2024\/04\/SixStarsWeb-300x172.jpeg 300w, https:\/\/the-running-ginger.blog\/wp-content\/uploads\/2024\/04\/SixStarsWeb-768x439.jpeg 768w, https:\/\/the-running-ginger.blog\/wp-content\/uploads\/2024\/04\/SixStarsWeb-1536x879.jpeg 1536w, https:\/\/the-running-ginger.blog\/wp-content\/uploads\/2024\/04\/SixStarsWeb-18x10.jpeg 18w, https:\/\/the-running-ginger.blog\/wp-content\/uploads\/2024\/04\/SixStarsWeb.jpeg 1585w\" sizes=\"auto, (max-width: 1024px) 100vw, 1024px\" \/><figcaption class=\"wp-element-caption\">Sitio web de las World Marathon Majors<\/figcaption><\/figure><\/div>\n\n\n<p>En algunos casos, el n\u00famero de BIB que se te solicitar\u00e1 no se asignar\u00e1 hasta que se genere el recibo del BIB (normalmente unos 15 d\u00edas antes del Marat\u00f3n), pero podr\u00e1s subir el recibo de inscripci\u00f3n que hayas recibido en tus correos electr\u00f3nicos.<\/p>\n\n\n\n<h2 class=\"wp-block-heading\">La Expo de tu Sexta Marat\u00f3n \ud83c\udfc5<\/h2>\n\n\n\n<p>Estas son las instrucciones para Boston, pero son muy similares a cualquier otro World Marathon Major:<\/p>\n\n\n\n<p>Durante la Expo, necesitas<strong> para obtener una pegatina en el stand de las Abbott World Marathon Majors<\/strong>. <strong>Si no tienes nuestra pegatina con c\u00f3digo QR el d\u00eda de la carrera, no recibir\u00e1s tu medalla<\/strong>!<\/p>\n\n\n\n<p>Entonces, despu\u00e9s de recoger nuestros kits de carrera, nos aseguramos de pasar por Abbott World Marathon Majors, donde pusieron la etiqueta QR en nuestros BIB. \u00a1Tambi\u00e9n tuvimos la oportunidad de tomarnos una foto frente a la medalla!<\/p>\n\n\n<div class=\"wp-block-image\">\n<figure class=\"aligncenter size-large\"><img loading=\"lazy\" decoding=\"async\" width=\"713\" height=\"1024\" src=\"http:\/\/the-running-ginger.blog\/wp-content\/uploads\/2024\/04\/Boston-2-713x1024.jpeg\" alt=\"In front of the Six Stars medal in the Boston Marathon Expo\" class=\"wp-image-4258\" srcset=\"https:\/\/the-running-ginger.blog\/wp-content\/uploads\/2024\/04\/Boston-2-713x1024.jpeg 713w, https:\/\/the-running-ginger.blog\/wp-content\/uploads\/2024\/04\/Boston-2-209x300.jpeg 209w, https:\/\/the-running-ginger.blog\/wp-content\/uploads\/2024\/04\/Boston-2-768x1103.jpeg 768w, https:\/\/the-running-ginger.blog\/wp-content\/uploads\/2024\/04\/Boston-2-8x12.jpeg 8w, https:\/\/the-running-ginger.blog\/wp-content\/uploads\/2024\/04\/Boston-2.jpeg 862w\" sizes=\"auto, (max-width: 713px) 100vw, 713px\" \/><figcaption class=\"wp-element-caption\">\u00a1Solo dos d\u00edas para conseguir el nuestro!<\/figcaption><\/figure><\/div>\n\n\n<p>Dentro del bolso hab\u00eda \u201cuna sorpresa\u201d para llevar a la espalda. \u00a1Era opcional pero una forma divertida de recibir un poco de est\u00edmulo adicional en el curso! <\/p>\n\n\n\n<p>Sab\u00edamos lo que era esto, como lo hab\u00edamos visto durante nuestra <a href=\"https:\/\/the-running-ginger.blog\/es\/tokyo\/\">Marat\u00f3n de Tokio<\/a>! <\/p>\n\n\n\n<h2 class=\"wp-block-heading\">Instrucciones para el d\u00eda de la carrera \ud83c\udfc3\u200d\u2640\ufe0f<\/h2>\n\n\n\n<p>En Boston, despu\u00e9s de cruzar la l\u00ednea de meta, nos dirigieron hacia abajo. <strong>Calle Boylston. <\/strong>Una vez que recibimos nuestras medallas de la carrera del Marat\u00f3n de Boston, necesit\u00e1bamos estar atentos a las<strong> Abbott World Marathon Majors<\/strong>. \u00a1Y lo est\u00e1bamos!<\/p>\n\n\n\n<p>Esto es lo mismo para cualquier carrera: debes ir a las carpas azules de AbbottWMM que siempre se encuentran despu\u00e9s de recibir la medalla de la carrera. En Boston, esto estaba ubicado en medio de la calle.<\/p>\n\n\n<div class=\"wp-block-image\">\n<figure class=\"aligncenter size-large\"><img loading=\"lazy\" decoding=\"async\" width=\"682\" height=\"1024\" src=\"http:\/\/the-running-ginger.blog\/wp-content\/uploads\/2024\/04\/WMMajors-1-682x1024.jpeg\" alt=\"The running ginger in the WMMarors tent with her Six Stars medal\" class=\"wp-image-4340\" srcset=\"https:\/\/the-running-ginger.blog\/wp-content\/uploads\/2024\/04\/WMMajors-1-682x1024.jpeg 682w, https:\/\/the-running-ginger.blog\/wp-content\/uploads\/2024\/04\/WMMajors-1-200x300.jpeg 200w, https:\/\/the-running-ginger.blog\/wp-content\/uploads\/2024\/04\/WMMajors-1-768x1153.jpeg 768w, https:\/\/the-running-ginger.blog\/wp-content\/uploads\/2024\/04\/WMMajors-1-1023x1536.jpeg 1023w, https:\/\/the-running-ginger.blog\/wp-content\/uploads\/2024\/04\/WMMajors-1-8x12.jpeg 8w, https:\/\/the-running-ginger.blog\/wp-content\/uploads\/2024\/04\/WMMajors-1.jpeg 1066w\" sizes=\"auto, (max-width: 682px) 100vw, 682px\" \/><figcaption class=\"wp-element-caption\">Foto tomada en la tienda.<\/figcaption><\/figure><\/div>\n\n\n<p>Es importante tener en cuenta que, si no completa todo el recorrido de la carrera dentro del per\u00edodo de tiempo en el que se registran los resultados oficiales de la carrera (esto difiere seg\u00fan el marat\u00f3n: son 6 horas desde el momento en que el \u00faltimo participante oficial cruza la l\u00ednea de salida para Boston y 7 horas para Tokio, por ejemplo), NO aparecer\u00e1s en los resultados oficiales de la carrera y, lamentablemente, NO podr\u00e1s recibir una medalla de Seis Estrellas.<\/p>\n\n\n\n<h2 class=\"wp-block-heading\" id=\"Sydney\">Un nuevo Major, un nuevo desaf\u00edo: \u00a1Sydney!<\/h2>\n\n\n\n<p>A partir de 2025, habr\u00e1 una 7.\u00aa Marat\u00f3n Mayor: <a href=\"https:\/\/www.tcssydneymarathon.com\/\">S\u00eddney<\/a>!<\/p>\n\n\n\n<p>Cuando inici\u00e9 sesi\u00f3n en mi cuenta de Abbott World Marathon Majors, as\u00ed es como se ve\u00eda:<\/p>\n\n\n<div class=\"wp-block-image\">\n<figure class=\"aligncenter size-full\"><img loading=\"lazy\" decoding=\"async\" width=\"650\" height=\"442\" src=\"https:\/\/the-running-ginger.blog\/wp-content\/uploads\/2025\/06\/SixorSevenStars.png\" alt=\"6 Stars for the Abbott World Marathon Majors, 6 out of 6 in the running ginger account.\" class=\"wp-image-7906\" srcset=\"https:\/\/the-running-ginger.blog\/wp-content\/uploads\/2025\/06\/SixorSevenStars.png 650w, https:\/\/the-running-ginger.blog\/wp-content\/uploads\/2025\/06\/SixorSevenStars-300x204.png 300w, https:\/\/the-running-ginger.blog\/wp-content\/uploads\/2025\/06\/SixorSevenStars-18x12.png 18w\" sizes=\"auto, (max-width: 650px) 100vw, 650px\" \/><figcaption class=\"wp-element-caption\">6 de 6 pero\u2026falta una estrella\u2026<\/figcaption><\/figure><\/div>\n\n\n<p>S\u00eddney fue reconocida oficialmente como la <strong>S\u00e9ptimo Marat\u00f3n Mundial Abbott Major<\/strong> en <strong>3 de noviembre de 2024<\/strong>, en el Marat\u00f3n de la Ciudad de Nueva York, haciendo historia como la primera incorporaci\u00f3n desde Tokio en 2013.<\/p>\n\n\n\n<p>Tras un riguroso proceso de candidatura de varios a\u00f1os y una participaci\u00f3n r\u00e9cord (20.272 finalistas en 2024), asegur\u00f3 su lugar para el <strong>31 de agosto de 2025<\/strong> evento\u2026.<\/p>\n\n\n\n<p>\u00a1Que planeamos correr! S\u00eddney: <strong>AQU\u00cd VAMOS.<\/strong><\/p>\n\n\n\n<hr class=\"wp-block-separator has-alpha-channel-opacity\"\/>\n\n\n\n<h3 class=\"wp-block-heading\">\ud83c\udfc5 \u00bfPor qu\u00e9 S\u00eddney se convirti\u00f3 en una ciudad importante?<\/h3>\n\n\n\n<p>La exitosa candidatura de Sydney se bas\u00f3 en varios factores clave:<\/p>\n\n\n\n<ul class=\"wp-block-list\">\n<li><strong>Finalizaci\u00f3n de dos a\u00f1os consecutivos de evaluaci\u00f3n<\/strong> (2023 y 2024) cumpliendo con los est\u00e1ndares Abbott WMM.<\/li>\n\n\n\n<li>A <strong>campo grande y en crecimiento<\/strong>\u2014de 5.300 participantes en 2022 a m\u00e1s de 20.000 en 2024\u2014lo que demuestra un fuerte compromiso de los corredores.<\/li>\n\n\n\n<li>Una clase mundial <strong>ruta de la ciudad<\/strong>, finalizando en la \u00d3pera de S\u00eddney y cruzando el Puente del Puerto, con el apoyo de inversiones gubernamentales e infraestructura organizativa.<\/li>\n<\/ul>\n\n\n\n<hr class=\"wp-block-separator has-alpha-channel-opacity\"\/>\n\n\n\n<h3 class=\"wp-block-heading\">\ud83e\udded Especializaciones a junio de 2025<\/h3>\n\n\n\n<p>A partir de junio de 2025, los seis establecidos <a href=\"https:\/\/the-running-ginger.blog\/es\/marathonmajors\/\">los World Marathon Majors<\/a> son:<\/p>\n\n\n\n<ol class=\"wp-block-list\">\n<li><a href=\"https:\/\/the-running-ginger.blog\/es\/tokyo\/\">Tokio<\/a><\/li>\n\n\n\n<li><a href=\"https:\/\/the-running-ginger.blog\/es\/boston\/\">Boston<\/a><\/li>\n\n\n\n<li><a href=\"https:\/\/the-running-ginger.blog\/es\/london\/\">Londres<\/a><\/li>\n\n\n\n<li><a href=\"https:\/\/the-running-ginger.blog\/es\/berlin\/\">Berl\u00edn<\/a><\/li>\n\n\n\n<li><a href=\"https:\/\/the-running-ginger.blog\/es\/chicago\/\">chicago<\/a><\/li>\n\n\n\n<li><a href=\"https:\/\/the-running-ginger.blog\/es\/nyc\/\">Nueva York<\/a><\/li>\n<\/ol>\n\n\n\n<p>Con Sydney uni\u00e9ndose a la alineaci\u00f3n, ahora hay <strong>7 Majors activos<\/strong>, a la espera de la adici\u00f3n de dos m\u00e1s \u2014 <strong>Ciudad del Cabo<\/strong> y <strong>Llevar a la fuerza<\/strong> \u2014 que actualmente se encuentran en candidatura para una posible inclusi\u00f3n en <strong>2026<\/strong> y <strong>2027<\/strong>.<\/p>\n\n\n\n<hr class=\"wp-block-separator has-alpha-channel-opacity\"\/>\n\n\n\n<h3 class=\"wp-block-heading\">\ud83e\udd47 Estado de la medalla: Caminos de 6 y 9 estrellas<\/h3>\n\n\n\n<ul class=\"wp-block-list\">\n<li>El tradicional <strong>Medalla de seis estrellas<\/strong>, otorgado por completar los seis Majors originales, ser\u00e1 <strong>permanecer sin cambios<\/strong>.<\/li>\n\n\n\n<li>A <strong>Nueva Medalla de Nueve Estrellas<\/strong> se introducir\u00e1 una vez <strong>Ciudad del Cabo y Shangh\u00e1i<\/strong> Tambi\u00e9n se convertir\u00e1n en Mayores de pleno derecho, lo cual se espera no antes de despu\u00e9s <strong>2027<\/strong>.<\/li>\n\n\n\n<li><strong>Sin medalla de siete estrellas<\/strong> Se emitir\u00e1n; en su lugar, los corredores que aspiren a siete pueden recoger juegos de monedas o expositores.<\/li>\n<\/ul>","protected":false},"excerpt":{"rendered":"<p>We got our World Marathon Majors Six Stars Medal in Boston, on 15th of April 2024. It twas there that we completed the Boston Marathon and became &#8220;Six Star Finishers&#8221;! Read below what we had to do prior to the race and upon completion to get the coveted Six Stars Medal. Which, by the way&#8230; [&hellip;]<\/p>\n","protected":false},"author":2,"featured_media":4180,"parent":0,"menu_order":0,"comment_status":"closed","ping_status":"closed","template":"","meta":{"inline_featured_image":false,"footnotes":""},"class_list":["post-4202","page","type-page","status-publish","has-post-thumbnail","hentry"],"yoast_head":"<!-- This site is optimized with the Yoast SEO plugin v27.5 - https:\/\/yoast.com\/product\/yoast-seo-wordpress\/ -->\n<title>World Marathon Majors Six Stars Medal | The Running Ginger<\/title>\n<meta name=\"description\" content=\"Instructions and advice to get your Abbott World Marathon Majors Six Stars Medal, including the Sydney update.\" \/>\n<meta name=\"robots\" content=\"index, follow, max-snippet:-1, max-image-preview:large, max-video-preview:-1\" \/>\n<link rel=\"canonical\" href=\"https:\/\/the-running-ginger.blog\/es\/sixstarmedal\/\" \/>\n<meta property=\"og:locale\" content=\"es_ES\" \/>\n<meta property=\"og:type\" content=\"article\" \/>\n<meta property=\"og:title\" content=\"World Marathon Majors Six Stars Medal | The Running Ginger\" \/>\n<meta property=\"og:description\" content=\"Instructions and advice to get your Abbott World Marathon Majors Six Stars Medal, including the Sydney update.\" \/>\n<meta property=\"og:url\" content=\"https:\/\/the-running-ginger.blog\/es\/sixstarmedal\/\" \/>\n<meta property=\"og:site_name\" content=\"The Running Ginger\" \/>\n<meta property=\"article:modified_time\" content=\"2025-06-29T09:06:10+00:00\" \/>\n<meta property=\"og:image\" content=\"http:\/\/the-running-ginger.blog\/wp-content\/uploads\/2024\/04\/Six-Stars.jpg\" \/>\n\t<meta property=\"og:image:width\" content=\"953\" \/>\n\t<meta property=\"og:image:height\" content=\"543\" \/>\n\t<meta property=\"og:image:type\" content=\"image\/jpeg\" \/>\n<meta name=\"twitter:card\" content=\"summary_large_image\" \/>\n<meta name=\"twitter:label1\" content=\"Tiempo de lectura\" \/>\n\t<meta name=\"twitter:data1\" content=\"5 minutos\" \/>\n<script type=\"application\/ld+json\" class=\"yoast-schema-graph\">{\"@context\":\"https:\\\/\\\/schema.org\",\"@graph\":[{\"@type\":\"WebPage\",\"@id\":\"https:\\\/\\\/the-running-ginger.blog\\\/sixstarmedal\\\/\",\"url\":\"https:\\\/\\\/the-running-ginger.blog\\\/sixstarmedal\\\/\",\"name\":\"World Marathon Majors Six Stars Medal | The Running Ginger\",\"isPartOf\":{\"@id\":\"https:\\\/\\\/the-running-ginger.blog\\\/#website\"},\"primaryImageOfPage\":{\"@id\":\"https:\\\/\\\/the-running-ginger.blog\\\/sixstarmedal\\\/#primaryimage\"},\"image\":{\"@id\":\"https:\\\/\\\/the-running-ginger.blog\\\/sixstarmedal\\\/#primaryimage\"},\"thumbnailUrl\":\"https:\\\/\\\/the-running-ginger.blog\\\/wp-content\\\/uploads\\\/2024\\\/04\\\/Six-Stars.jpg\",\"datePublished\":\"2024-04-06T15:34:01+00:00\",\"dateModified\":\"2025-06-29T09:06:10+00:00\",\"description\":\"Instructions and advice to get your Abbott World Marathon Majors Six Stars Medal, including the Sydney update.\",\"breadcrumb\":{\"@id\":\"https:\\\/\\\/the-running-ginger.blog\\\/sixstarmedal\\\/#breadcrumb\"},\"inLanguage\":\"es\",\"potentialAction\":[{\"@type\":\"ReadAction\",\"target\":[\"https:\\\/\\\/the-running-ginger.blog\\\/sixstarmedal\\\/\"]}]},{\"@type\":\"ImageObject\",\"inLanguage\":\"es\",\"@id\":\"https:\\\/\\\/the-running-ginger.blog\\\/sixstarmedal\\\/#primaryimage\",\"url\":\"https:\\\/\\\/the-running-ginger.blog\\\/wp-content\\\/uploads\\\/2024\\\/04\\\/Six-Stars.jpg\",\"contentUrl\":\"https:\\\/\\\/the-running-ginger.blog\\\/wp-content\\\/uploads\\\/2024\\\/04\\\/Six-Stars.jpg\",\"width\":953,\"height\":543,\"caption\":\"Abbott World Marathon Majors Six Stars Medals\"},{\"@type\":\"BreadcrumbList\",\"@id\":\"https:\\\/\\\/the-running-ginger.blog\\\/sixstarmedal\\\/#breadcrumb\",\"itemListElement\":[{\"@type\":\"ListItem\",\"position\":1,\"name\":\"Home\",\"item\":\"https:\\\/\\\/the-running-ginger.blog\\\/\"},{\"@type\":\"ListItem\",\"position\":2,\"name\":\"World Marathon Majors Six Stars Medal\"}]},{\"@type\":\"WebSite\",\"@id\":\"https:\\\/\\\/the-running-ginger.blog\\\/#website\",\"url\":\"https:\\\/\\\/the-running-ginger.blog\\\/\",\"name\":\"The Running Ginger\",\"description\":\"\",\"publisher\":{\"@id\":\"https:\\\/\\\/the-running-ginger.blog\\\/#\\\/schema\\\/person\\\/d92df80c6400f4b8ab299cadb840438a\"},\"alternateName\":\"The Running Ginger\",\"potentialAction\":[{\"@type\":\"SearchAction\",\"target\":{\"@type\":\"EntryPoint\",\"urlTemplate\":\"https:\\\/\\\/the-running-ginger.blog\\\/?s={search_term_string}\"},\"query-input\":{\"@type\":\"PropertyValueSpecification\",\"valueRequired\":true,\"valueName\":\"search_term_string\"}}],\"inLanguage\":\"es\"},{\"@type\":[\"Person\",\"Organization\"],\"@id\":\"https:\\\/\\\/the-running-ginger.blog\\\/#\\\/schema\\\/person\\\/d92df80c6400f4b8ab299cadb840438a\",\"name\":\"the-running-ginger\",\"image\":{\"@type\":\"ImageObject\",\"inLanguage\":\"es\",\"@id\":\"https:\\\/\\\/the-running-ginger.blog\\\/wp-content\\\/uploads\\\/2023\\\/08\\\/MartaTimor.jpg\",\"url\":\"https:\\\/\\\/the-running-ginger.blog\\\/wp-content\\\/uploads\\\/2023\\\/08\\\/MartaTimor.jpg\",\"contentUrl\":\"https:\\\/\\\/the-running-ginger.blog\\\/wp-content\\\/uploads\\\/2023\\\/08\\\/MartaTimor.jpg\",\"width\":1920,\"height\":1080,\"caption\":\"the-running-ginger\"},\"logo\":{\"@id\":\"https:\\\/\\\/the-running-ginger.blog\\\/wp-content\\\/uploads\\\/2023\\\/08\\\/MartaTimor.jpg\"}}]}<\/script>\n<!-- \/ Yoast SEO plugin. -->","yoast_head_json":{"title":"World Marathon Majors Six Stars Medal | The Running Ginger","description":"Instructions and advice to get your Abbott World Marathon Majors Six Stars Medal, including the Sydney update.","robots":{"index":"index","follow":"follow","max-snippet":"max-snippet:-1","max-image-preview":"max-image-preview:large","max-video-preview":"max-video-preview:-1"},"canonical":"https:\/\/the-running-ginger.blog\/es\/sixstarmedal\/","og_locale":"es_ES","og_type":"article","og_title":"World Marathon Majors Six Stars Medal | The Running Ginger","og_description":"Instructions and advice to get your Abbott World Marathon Majors Six Stars Medal, including the Sydney update.","og_url":"https:\/\/the-running-ginger.blog\/es\/sixstarmedal\/","og_site_name":"The Running Ginger","article_modified_time":"2025-06-29T09:06:10+00:00","og_image":[{"width":953,"height":543,"url":"http:\/\/the-running-ginger.blog\/wp-content\/uploads\/2024\/04\/Six-Stars.jpg","type":"image\/jpeg"}],"twitter_card":"summary_large_image","twitter_misc":{"Tiempo de lectura":"5 minutos"},"schema":{"@context":"https:\/\/schema.org","@graph":[{"@type":"WebPage","@id":"https:\/\/the-running-ginger.blog\/sixstarmedal\/","url":"https:\/\/the-running-ginger.blog\/sixstarmedal\/","name":"World Marathon Majors Six Stars Medal | The Running Ginger","isPartOf":{"@id":"https:\/\/the-running-ginger.blog\/#website"},"primaryImageOfPage":{"@id":"https:\/\/the-running-ginger.blog\/sixstarmedal\/#primaryimage"},"image":{"@id":"https:\/\/the-running-ginger.blog\/sixstarmedal\/#primaryimage"},"thumbnailUrl":"https:\/\/the-running-ginger.blog\/wp-content\/uploads\/2024\/04\/Six-Stars.jpg","datePublished":"2024-04-06T15:34:01+00:00","dateModified":"2025-06-29T09:06:10+00:00","description":"Instructions and advice to get your Abbott World Marathon Majors Six Stars Medal, including the Sydney update.","breadcrumb":{"@id":"https:\/\/the-running-ginger.blog\/sixstarmedal\/#breadcrumb"},"inLanguage":"es","potentialAction":[{"@type":"ReadAction","target":["https:\/\/the-running-ginger.blog\/sixstarmedal\/"]}]},{"@type":"ImageObject","inLanguage":"es","@id":"https:\/\/the-running-ginger.blog\/sixstarmedal\/#primaryimage","url":"https:\/\/the-running-ginger.blog\/wp-content\/uploads\/2024\/04\/Six-Stars.jpg","contentUrl":"https:\/\/the-running-ginger.blog\/wp-content\/uploads\/2024\/04\/Six-Stars.jpg","width":953,"height":543,"caption":"Abbott World Marathon Majors Six Stars Medals"},{"@type":"BreadcrumbList","@id":"https:\/\/the-running-ginger.blog\/sixstarmedal\/#breadcrumb","itemListElement":[{"@type":"ListItem","position":1,"name":"Home","item":"https:\/\/the-running-ginger.blog\/"},{"@type":"ListItem","position":2,"name":"World Marathon Majors Six Stars Medal"}]},{"@type":"WebSite","@id":"https:\/\/the-running-ginger.blog\/#website","url":"https:\/\/the-running-ginger.blog\/","name":"The Running Ginger","description":"","publisher":{"@id":"https:\/\/the-running-ginger.blog\/#\/schema\/person\/d92df80c6400f4b8ab299cadb840438a"},"alternateName":"The Running Ginger","potentialAction":[{"@type":"SearchAction","target":{"@type":"EntryPoint","urlTemplate":"https:\/\/the-running-ginger.blog\/?s={search_term_string}"},"query-input":{"@type":"PropertyValueSpecification","valueRequired":true,"valueName":"search_term_string"}}],"inLanguage":"es"},{"@type":["Person","Organization"],"@id":"https:\/\/the-running-ginger.blog\/#\/schema\/person\/d92df80c6400f4b8ab299cadb840438a","name":"the-running-ginger","image":{"@type":"ImageObject","inLanguage":"es","@id":"https:\/\/the-running-ginger.blog\/wp-content\/uploads\/2023\/08\/MartaTimor.jpg","url":"https:\/\/the-running-ginger.blog\/wp-content\/uploads\/2023\/08\/MartaTimor.jpg","contentUrl":"https:\/\/the-running-ginger.blog\/wp-content\/uploads\/2023\/08\/MartaTimor.jpg","width":1920,"height":1080,"caption":"the-running-ginger"},"logo":{"@id":"https:\/\/the-running-ginger.blog\/wp-content\/uploads\/2023\/08\/MartaTimor.jpg"}}]}},"_links":{"self":[{"href":"https:\/\/the-running-ginger.blog\/es\/wp-json\/wp\/v2\/pages\/4202","targetHints":{"allow":["GET"]}}],"collection":[{"href":"https:\/\/the-running-ginger.blog\/es\/wp-json\/wp\/v2\/pages"}],"about":[{"href":"https:\/\/the-running-ginger.blog\/es\/wp-json\/wp\/v2\/types\/page"}],"author":[{"embeddable":true,"href":"https:\/\/the-running-ginger.blog\/es\/wp-json\/wp\/v2\/users\/2"}],"replies":[{"embeddable":true,"href":"https:\/\/the-running-ginger.blog\/es\/wp-json\/wp\/v2\/comments?post=4202"}],"version-history":[{"count":4,"href":"https:\/\/the-running-ginger.blog\/es\/wp-json\/wp\/v2\/pages\/4202\/revisions"}],"predecessor-version":[{"id":7907,"href":"https:\/\/the-running-ginger.blog\/es\/wp-json\/wp\/v2\/pages\/4202\/revisions\/7907"}],"wp:featuredmedia":[{"embeddable":true,"href":"https:\/\/the-running-ginger.blog\/es\/wp-json\/wp\/v2\/media\/4180"}],"wp:attachment":[{"href":"https:\/\/the-running-ginger.blog\/es\/wp-json\/wp\/v2\/media?parent=4202"}],"curies":[{"name":"wp","href":"https:\/\/api.w.org\/{rel}","templated":true}]}}